{"id":896,"date":"2018-05-30T14:54:54","date_gmt":"2018-05-30T14:54:54","guid":{"rendered":"https:\/\/reissuruoti.fi.www28.zoner-asiakas.fi\/historia\/"},"modified":"2026-02-04T14:02:31","modified_gmt":"2026-02-04T14:02:31","slug":"history","status":"publish","type":"page","link":"https:\/\/www.reissuruoti.fi\/en\/history\/","title":{"rendered":"History"},"content":{"rendered":"<div class=\"wpb-content-wrapper\">[vc_row fullwidth=&#8221;true&#8221;][vc_column][mk_custom_box padding_vertical=&#8221;0&#8243; margin_bottom=&#8221;0&#8243; min_height=&#8221;0&#8243; bg_image=&#8221;https:\/\/www.reissuruoti.fi\/wp-content\/uploads\/2018\/06\/9.jpg&#8221; overlay_color=&#8221;rgba(13,48,80,0.8)&#8221; bg_stretch=&#8221;true&#8221;][mk_padding_divider visibility=&#8221;hidden-sm&#8221;][mk_padding_divider size=&#8221;180&#8243;][mk_padding_divider visibility=&#8221;visible-tl&#8221;][mk_fancy_title strip_tags=&#8221;true&#8221; tag_name=&#8221;h1&#8243; color=&#8221;#ffffff&#8221; size=&#8221;32&#8243; force_font_size=&#8221;true&#8221; size_phone=&#8221;30&#8243; font_weight=&#8221;500&#8243; margin_bottom=&#8221;15&#8243; font_family=&#8221;none&#8221; align=&#8221;center&#8221;]Sometimes good stories become legends[\/mk_fancy_title][vc_row_inner][vc_column_inner width=&#8221;1\/4&#8243;][\/vc_column_inner][vc_column_inner width=&#8221;1\/2&#8243;][vc_separator color=&#8221;white&#8221; border_width=&#8221;4&#8243; el_width=&#8221;10&#8243; css=&#8221;.vc_custom_1526487274963{margin-top: -10px !important;margin-bottom: 30px !important;}&#8221;][\/vc_column_inner][vc_column_inner width=&#8221;1\/4&#8243;][\/vc_column_inner][\/vc_row_inner][mk_fancy_title strip_tags=&#8221;true&#8221; tag_name=&#8221;span&#8221; color=&#8221;#ffffff&#8221; size=&#8221;20&#8243; font_weight=&#8221;500&#8243; font_family=&#8221;none&#8221; align=&#8221;center&#8221;]Family-owned business with 60 years<br \/>\nof experience in transporting customers[\/mk_fancy_title][mk_padding_divider size=&#8221;100&#8243; visibility=&#8221;hidden-sm&#8221;][mk_padding_divider][\/mk_custom_box][\/vc_column][\/vc_row][vc_row][vc_column][mk_padding_divider size=&#8221;20&#8243;][\/vc_column][\/vc_row][vc_row][vc_column width=&#8221;1\/2&#8243;][mk_image src=&#8221;https:\/\/reissuruoti.fi\/wp-content\/uploads\/2018\/06\/reissuruoti_juhlalogo-e1529432467175.jpg&#8221; image_size=&#8221;full&#8221; align=&#8221;right&#8221; margin_bottom=&#8221;0&#8243;][\/vc_column][vc_column width=&#8221;1\/2&#8243;][mk_padding_divider size=&#8221;10&#8243; visibility=&#8221;hidden-tl&#8221;][mk_padding_divider visibility=&#8221;hidden-sm&#8221;][mk_fancy_title strip_tags=&#8221;true&#8221; size=&#8221;22&#8243; force_font_size=&#8221;true&#8221; size_phone=&#8221;20&#8243; font_weight=&#8221;600&#8243; margin_bottom=&#8221;0&#8243; font_family=&#8221;none&#8221; responsive_align=&#8221;left&#8221;]Brief history of a family-owned Reissu Ruoti[\/mk_fancy_title][vc_column_text css=&#8221;.vc_custom_1532334973101{margin-bottom: 0px !important;}&#8221;]\n<p style=\"font-weight: 400;\">1957 &#8211; 1980 Pentti Ruoti, founder<\/p>\n<p style=\"font-weight: 400;\">1980 &#8211; 2000 Matti Ruoti, CEO<\/p>\n<p style=\"font-weight: 400;\">2000 &#8211; 2007 Jukka Ruoti, CEO<\/p>\n<p style=\"font-weight: 400;\">2007 &#8211; Juho Ruoti, CEO<\/p>\n[\/vc_column_text][\/vc_column][\/vc_row][vc_row][vc_column][mvc_timeline_father linebg=&#8221;#0d3050&#8243;][mvc_timeline_son date=&#8221;1957&#8243; size=&#8221;18&#8243; icon=&#8221;fa fa-bus&#8221; clr=&#8221;#0d3050&#8243; bgclr=&#8221;#ef3960&#8243; arrowclr=&#8221;#0d3050&#8243;]<a href=\"https:\/\/reissuruoti.fi\/wp-content\/uploads\/2018\/04\/2-2-300x203.jpg\"><img loading=\"lazy\" decoding=\"async\" class=\"alignnone size-medium wp-image-384\" src=\"https:\/\/reissuruoti.fi\/wp-content\/uploads\/2018\/04\/2-2-300x203.jpg\" alt=\"\" width=\"300\" height=\"203\" srcset=\"https:\/\/www.reissuruoti.fi\/wp-content\/uploads\/2018\/04\/2-2-300x203.jpg 300w, https:\/\/www.reissuruoti.fi\/wp-content\/uploads\/2018\/04\/2-2-768x519.jpg 768w, https:\/\/www.reissuruoti.fi\/wp-content\/uploads\/2018\/04\/2-2-1024x692.jpg 1024w, https:\/\/www.reissuruoti.fi\/wp-content\/uploads\/2018\/04\/2-2-600x405.jpg 600w, https:\/\/www.reissuruoti.fi\/wp-content\/uploads\/2018\/04\/2-2.jpg 1800w\" sizes=\"auto, (max-width: 300px) 100vw, 300px\" \/><\/a><\/p>\n<p>Founder of the company, Pentti Ruoti, was a driver by day and fixed cars during the night. Being an entrepreneur in the 1950\u2019s was demanding work. Children and grandchildren remember Pentti always replying \u201cI\u2019m on it as long as equipment lasts\u201d to customers asking for coach services. Over 60 years later and the coaches are still cruising along the roads of Finland and abroad, so he managed to do it well.[\/mvc_timeline_son][mvc_timeline_son date=&#8221;1960&#8243; size=&#8221;18&#8243; icon=&#8221;fa fa-bus&#8221; bgclr=&#8221;#ef3960&#8243; clr=&#8221;#0d3050&#8243; arrowclr=&#8221;#0d3050&#8243;]<a href=\"https:\/\/reissuruoti.fi\/wp-content\/uploads\/2018\/06\/9-300x200.jpg\"><img loading=\"lazy\" decoding=\"async\" class=\"alignnone size-medium wp-image-1589\" src=\"https:\/\/reissuruoti.fi\/wp-content\/uploads\/2018\/06\/9-300x200.jpg\" alt=\"\" width=\"300\" height=\"200\" srcset=\"https:\/\/www.reissuruoti.fi\/wp-content\/uploads\/2018\/06\/9-300x200.jpg 300w, https:\/\/www.reissuruoti.fi\/wp-content\/uploads\/2018\/06\/9-768x513.jpg 768w, https:\/\/www.reissuruoti.fi\/wp-content\/uploads\/2018\/06\/9.jpg 800w\" sizes=\"auto, (max-width: 300px) 100vw, 300px\" \/><\/a><\/p>\n<p>The sixties were slippery years with difficult conditions, but we managed to stay on our tracks. Pentti started the Renkom\u00e4ki-Lahti central route already in 1957. Later in the 60\u2019s the route was extended to Renkom\u00e4ki-Lahti center- Jalkaranta. Line 71 was the longest route managed by one operator in Lahti and it was operated for over 50 years until 2014. Until this route was cancelled, Ruoti operated lines 71, 72, 73 with five coaches.[\/mvc_timeline_son][mvc_timeline_son date=&#8221;1970&#8243; size=&#8221;18&#8243; icon=&#8221;fa fa-bus&#8221; clr=&#8221;#0d3050&#8243; bgclr=&#8221;#ef3960&#8243; arrowclr=&#8221;#0d3050&#8243;]<a href=\"https:\/\/reissuruoti.fi\/wp-content\/uploads\/2018\/05\/scania-delta-300x190.jpg\"><img loading=\"lazy\" decoding=\"async\" class=\"alignnone size-medium wp-image-587\" src=\"https:\/\/reissuruoti.fi\/wp-content\/uploads\/2018\/05\/scania-delta-300x190.jpg\" alt=\"\" width=\"300\" height=\"190\" srcset=\"https:\/\/www.reissuruoti.fi\/wp-content\/uploads\/2018\/05\/scania-delta-300x190.jpg 300w, https:\/\/www.reissuruoti.fi\/wp-content\/uploads\/2018\/05\/scania-delta-768x487.jpg 768w, https:\/\/www.reissuruoti.fi\/wp-content\/uploads\/2018\/05\/scania-delta-1024x650.jpg 1024w, https:\/\/www.reissuruoti.fi\/wp-content\/uploads\/2018\/05\/scania-delta.jpg 1500w\" sizes=\"auto, (max-width: 300px) 100vw, 300px\" \/><\/a><\/p>\n<p>Reissu Ruoti started strongly to develop its charter equipment. Trips were made to various locations abroad and domestically. Matti Ruoti concentrated on developing the charter equipment and in the process wanted to change the name of the company. Ky P. Ruoti was reborn and the company got the name it is known today: Reissu Ruoti.<\/p>\n<p>Scania Delta 300 pictured here was the first charter coach in Scandinavia which was equipped with VHS-recorder and a color-tv. In that time, it wasn\u2019t common to have those even in every house, let alone in a coach, so it was something very special. Matti\u2019s younger brother Pekka was also involved in the business all the way until 2000 when Pekka sold his shares to Matti\u2019s family. In 1974 Matti\u2019s wife Terttu got a license to drive a coach and she was a regular sight behind the wheel after that. Terttu was the first female driver in the company and most likely one of the first in Finland.[\/mvc_timeline_son][mvc_timeline_son date=&#8221;1980&#8243; size=&#8221;18&#8243; icon=&#8221;fa fa-bus&#8221; bgclr=&#8221;#ef3960&#8243; clr=&#8221;#0d3050&#8243; arrowclr=&#8221;#0d3050&#8243;]<a href=\"https:\/\/reissuruoti.fi\/wp-content\/uploads\/2018\/04\/1-300x205.jpg\"><img loading=\"lazy\" decoding=\"async\" class=\"alignnone size-medium wp-image-388\" src=\"https:\/\/reissuruoti.fi\/wp-content\/uploads\/2018\/04\/1-300x205.jpg\" alt=\"\" width=\"300\" height=\"205\" srcset=\"https:\/\/www.reissuruoti.fi\/wp-content\/uploads\/2018\/04\/1-300x205.jpg 300w, https:\/\/www.reissuruoti.fi\/wp-content\/uploads\/2018\/04\/1.jpg 700w\" sizes=\"auto, (max-width: 300px) 100vw, 300px\" \/><\/a><\/p>\n<p>A brand-new Scania Delta was welcomed and taken into use at Lahti Coach Expo 1987. The 1980\u2019s were a time of rapid growth for the company. Number of trips abroad were up significantly when the economy in general was booming and Finns were more and more interested in travelling. In 1985, <em>Lahden Valmismatkat<\/em> was founded by Markku Peltonen and Matti Ruoti. <em>Valmismatkat <\/em>turned out to be an instant success and Travel packs were one of the most popular products of Ruoti in the 80\u2019s. Ruoti coaches were a common sight on the roads in Finland as well as abroad.[\/mvc_timeline_son][mvc_timeline_son date=&#8221;1990&#8243; size=&#8221;18&#8243; icon=&#8221;fa fa-bus&#8221; clr=&#8221;#0d3050&#8243; bgclr=&#8221;#ef3960&#8243; arrowclr=&#8221;#0d3050&#8243;]<a href=\"https:\/\/reissuruoti.fi\/wp-content\/uploads\/2018\/05\/2-300x182.jpg\"><img loading=\"lazy\" decoding=\"async\" class=\"alignnone size-medium wp-image-793\" src=\"https:\/\/reissuruoti.fi\/wp-content\/uploads\/2018\/05\/2-300x182.jpg\" alt=\"\" width=\"300\" height=\"182\" srcset=\"https:\/\/www.reissuruoti.fi\/wp-content\/uploads\/2018\/05\/2-300x182.jpg 300w, https:\/\/www.reissuruoti.fi\/wp-content\/uploads\/2018\/05\/2-768x465.jpg 768w, https:\/\/www.reissuruoti.fi\/wp-content\/uploads\/2018\/05\/2.jpg 800w\" sizes=\"auto, (max-width: 300px) 100vw, 300px\" \/><\/a><\/p>\n<p>We have also run the local traffic routes with years of experience. In the 90\u2019s we just had more colorful decals, don\u2019t you think!<\/p>\n<p>In 1990 the third generation of the <em>Ruoti<\/em>-family <em>Jouko, Jukka<\/em> and <em>Juho<\/em> started to take stronger roll in the company.\u00a0 <em>Jouko<\/em> had a strong developing take on the local traffic of Lahti while <em>Jukka<\/em> renewed and developed the charter. As the youngest of the brothers, Juho, continued to study and got acquainted with their area of business.[\/mvc_timeline_son][mvc_timeline_son date=&#8221;2000&#8243; size=&#8221;18&#8243; bgclr=&#8221;#ef3960&#8243; clr=&#8221;#0d3050&#8243; arrowclr=&#8221;#0d3050&#8243; caption_url=&#8221;&#8221;]<a href=\"https:\/\/www.reissuruoti.fi\/wp-content\/uploads\/2026\/02\/reissu-ruoti-helsinki-300x169.png\"><img loading=\"lazy\" decoding=\"async\" class=\"alignnone wp-image-5595\" src=\"https:\/\/www.reissuruoti.fi\/wp-content\/uploads\/2026\/02\/reissu-ruoti-helsinki-300x169.png\" alt=\"\" width=\"273\" height=\"154\" srcset=\"https:\/\/www.reissuruoti.fi\/wp-content\/uploads\/2026\/02\/reissu-ruoti-helsinki-300x169.png 300w, https:\/\/www.reissuruoti.fi\/wp-content\/uploads\/2026\/02\/reissu-ruoti-helsinki-1024x576.png 1024w, https:\/\/www.reissuruoti.fi\/wp-content\/uploads\/2026\/02\/reissu-ruoti-helsinki-768x432.png 768w, https:\/\/www.reissuruoti.fi\/wp-content\/uploads\/2026\/02\/reissu-ruoti-helsinki.png 1280w\" sizes=\"auto, (max-width: 273px) 100vw, 273px\" \/><\/a><\/p>\n<p>Generations change, cars develop, and the journey continues.<\/p>\n<p>Family has always been vital to the company. Throughout the years family members have always worked as drivers and mechanics, in sales as well as organizing service and in the management.<\/p>\n<p>Outsourcings have opened new possibilities for the company both in local traffic and in charter and at the same time given them interesting new partnerships and clients in the P\u00e4ij\u00e4t-H\u00e4me region as well as increasingly in the metropolitan area.[\/mvc_timeline_son][\/mvc_timeline_father][\/vc_column][\/vc_row]\n<\/div>","protected":false},"excerpt":{"rendered":"<p>[vc_row fullwidth=&#8221;true&#8221;][vc_column][mk_custom_box padding_vertical=&#8221;0&#8243; margin_bottom=&#8221;0&#8243; min_height=&#8221;0&#8243; bg_image=&#8221;https:\/\/www.reissuruoti.fi\/wp-content\/uploads\/2018\/06\/9.jpg&#8221; overlay_color=&#8221;rgba(13,48,80,0.8)&#8221; bg_stretch=&#8221;true&#8221;][mk_padding_divider visibility=&#8221;hidden-sm&#8221;][mk_padding_divider size=&#8221;180&#8243;][mk_padding_divider visibility=&#8221;visible-tl&#8221;][mk_fancy_title strip_tags=&#8221;true&#8221; tag_name=&#8221;h1&#8243; color=&#8221;#ffffff&#8221; size=&#8221;32&#8243; force_font_size=&#8221;true&#8221; size_phone=&#8221;30&#8243; font_weight=&#8221;500&#8243; margin_bottom=&#8221;15&#8243; font_family=&#8221;none&#8221; align=&#8221;center&#8221;]Sometimes good stories become legends[\/mk_fancy_title][vc_row_inner][vc_column_inner width=&#8221;1\/4&#8243;][\/vc_column_inner][vc_column_inner width=&#8221;1\/2&#8243;][vc_separator color=&#8221;white&#8221; border_width=&#8221;4&#8243; el_width=&#8221;10&#8243; css=&#8221;.vc_custom_1526487274963{margin-top: -10px !important;margin-bottom: 30px !important;}&#8221;][\/vc_column_inner][vc_column_inner width=&#8221;1\/4&#8243;][\/vc_column_inner][\/vc_row_inner][mk_fancy_title strip_tags=&#8221;true&#8221; tag_name=&#8221;span&#8221; color=&#8221;#ffffff&#8221; size=&#8221;20&#8243; font_weight=&#8221;500&#8243; font_family=&#8221;none&#8221; align=&#8221;center&#8221;]Family-owned business with 60 years of experience in transporting customers[\/mk_fancy_title][mk_padding_divider size=&#8221;100&#8243; visibility=&#8221;hidden-sm&#8221;][mk_padding_divider][\/mk_custom_box][\/vc_column][\/vc_row][vc_row][vc_column][mk_padding_divider size=&#8221;20&#8243;][\/vc_column][\/vc_row][vc_row][vc_column [&hellip;]<\/p>\n","protected":false},"author":1,"featured_media":0,"parent":0,"menu_order":0,"comment_status":"closed","ping_status":"closed","template":"","meta":{"_improvement_type_select":"improve_an_existing","_thumb_yes_seoaic":false,"_frame_yes_seoaic":false,"seoaic_generate_description":"","seoaic_improve_instructions_prompt":"","seoaic_rollback_content_improvement":"","seoaic_idea_thumbnail_generator":"","thumbnail_generated":false,"thumbnail_generate_prompt":"","seoaic_article_description":"","footnotes":""},"class_list":["post-896","page","type-page","status-publish","hentry"],"yoast_head":"<!-- This site is optimized with the Yoast SEO plugin v27.3 - https:\/\/yoast.com\/product\/yoast-seo-wordpress\/ -->\n<title>History - Reissu Ruoti<\/title>\n<meta name=\"description\" content=\"Family-owned business with 60 yearsof experience in transporting customers.\" \/>\n<meta name=\"robots\" content=\"index, follow, max-snippet:-1, max-image-preview:large, max-video-preview:-1\" \/>\n<link rel=\"canonical\" href=\"https:\/\/www.reissuruoti.fi\/en\/history\/\" \/>\n<meta property=\"og:locale\" content=\"en_US\" \/>\n<meta property=\"og:type\" content=\"article\" \/>\n<meta property=\"og:title\" content=\"History - Reissu Ruoti\" \/>\n<meta property=\"og:description\" content=\"Family-owned business with 60 yearsof experience in transporting customers.\" \/>\n<meta property=\"og:url\" content=\"https:\/\/www.reissuruoti.fi\/en\/history\/\" \/>\n<meta property=\"og:site_name\" content=\"Reissu Ruoti\" \/>\n<meta property=\"article:modified_time\" content=\"2026-02-04T14:02:31+00:00\" \/>\n<meta property=\"og:image\" content=\"https:\/\/reissuruoti.fi\/wp-content\/uploads\/2018\/04\/2-2-300x203.jpg\" \/>\n<meta name=\"twitter:card\" content=\"summary_large_image\" \/>\n<meta name=\"twitter:label1\" content=\"Est. reading time\" \/>\n\t<meta name=\"twitter:data1\" content=\"6 minutes\" \/>\n<script type=\"application\/ld+json\" class=\"yoast-schema-graph\">{\"@context\":\"https:\\\/\\\/schema.org\",\"@graph\":[{\"@type\":\"WebPage\",\"@id\":\"https:\\\/\\\/www.reissuruoti.fi\\\/en\\\/history\\\/\",\"url\":\"https:\\\/\\\/www.reissuruoti.fi\\\/en\\\/history\\\/\",\"name\":\"History - Reissu Ruoti\",\"isPartOf\":{\"@id\":\"https:\\\/\\\/www.reissuruoti.fi\\\/#website\"},\"primaryImageOfPage\":{\"@id\":\"https:\\\/\\\/www.reissuruoti.fi\\\/en\\\/history\\\/#primaryimage\"},\"image\":{\"@id\":\"https:\\\/\\\/www.reissuruoti.fi\\\/en\\\/history\\\/#primaryimage\"},\"thumbnailUrl\":\"https:\\\/\\\/reissuruoti.fi\\\/wp-content\\\/uploads\\\/2018\\\/04\\\/2-2-300x203.jpg\",\"datePublished\":\"2018-05-30T14:54:54+00:00\",\"dateModified\":\"2026-02-04T14:02:31+00:00\",\"description\":\"Family-owned business with 60 yearsof experience in transporting customers.\",\"breadcrumb\":{\"@id\":\"https:\\\/\\\/www.reissuruoti.fi\\\/en\\\/history\\\/#breadcrumb\"},\"inLanguage\":\"en-US\",\"potentialAction\":[{\"@type\":\"ReadAction\",\"target\":[\"https:\\\/\\\/www.reissuruoti.fi\\\/en\\\/history\\\/\"]}]},{\"@type\":\"ImageObject\",\"inLanguage\":\"en-US\",\"@id\":\"https:\\\/\\\/www.reissuruoti.fi\\\/en\\\/history\\\/#primaryimage\",\"url\":\"https:\\\/\\\/reissuruoti.fi\\\/wp-content\\\/uploads\\\/2018\\\/04\\\/2-2-300x203.jpg\",\"contentUrl\":\"https:\\\/\\\/reissuruoti.fi\\\/wp-content\\\/uploads\\\/2018\\\/04\\\/2-2-300x203.jpg\"},{\"@type\":\"BreadcrumbList\",\"@id\":\"https:\\\/\\\/www.reissuruoti.fi\\\/en\\\/history\\\/#breadcrumb\",\"itemListElement\":[{\"@type\":\"ListItem\",\"position\":1,\"name\":\"Home\",\"item\":\"https:\\\/\\\/www.reissuruoti.fi\\\/en\\\/\"},{\"@type\":\"ListItem\",\"position\":2,\"name\":\"History\"}]},{\"@type\":\"WebSite\",\"@id\":\"https:\\\/\\\/www.reissuruoti.fi\\\/#website\",\"url\":\"https:\\\/\\\/www.reissuruoti.fi\\\/\",\"name\":\"Reissu Ruoti\",\"description\":\"Tilausajot &amp; Tilausbussi Helsinki, Lahti, Oulu\",\"potentialAction\":[{\"@type\":\"SearchAction\",\"target\":{\"@type\":\"EntryPoint\",\"urlTemplate\":\"https:\\\/\\\/www.reissuruoti.fi\\\/?s={search_term_string}\"},\"query-input\":{\"@type\":\"PropertyValueSpecification\",\"valueRequired\":true,\"valueName\":\"search_term_string\"}}],\"inLanguage\":\"en-US\"}]}<\/script>\n<!-- \/ Yoast SEO plugin. -->","yoast_head_json":{"title":"History - Reissu Ruoti","description":"Family-owned business with 60 yearsof experience in transporting customers.","robots":{"index":"index","follow":"follow","max-snippet":"max-snippet:-1","max-image-preview":"max-image-preview:large","max-video-preview":"max-video-preview:-1"},"canonical":"https:\/\/www.reissuruoti.fi\/en\/history\/","og_locale":"en_US","og_type":"article","og_title":"History - Reissu Ruoti","og_description":"Family-owned business with 60 yearsof experience in transporting customers.","og_url":"https:\/\/www.reissuruoti.fi\/en\/history\/","og_site_name":"Reissu Ruoti","article_modified_time":"2026-02-04T14:02:31+00:00","og_image":[{"url":"https:\/\/reissuruoti.fi\/wp-content\/uploads\/2018\/04\/2-2-300x203.jpg","type":"","width":"","height":""}],"twitter_card":"summary_large_image","twitter_misc":{"Est. reading time":"6 minutes"},"schema":{"@context":"https:\/\/schema.org","@graph":[{"@type":"WebPage","@id":"https:\/\/www.reissuruoti.fi\/en\/history\/","url":"https:\/\/www.reissuruoti.fi\/en\/history\/","name":"History - Reissu Ruoti","isPartOf":{"@id":"https:\/\/www.reissuruoti.fi\/#website"},"primaryImageOfPage":{"@id":"https:\/\/www.reissuruoti.fi\/en\/history\/#primaryimage"},"image":{"@id":"https:\/\/www.reissuruoti.fi\/en\/history\/#primaryimage"},"thumbnailUrl":"https:\/\/reissuruoti.fi\/wp-content\/uploads\/2018\/04\/2-2-300x203.jpg","datePublished":"2018-05-30T14:54:54+00:00","dateModified":"2026-02-04T14:02:31+00:00","description":"Family-owned business with 60 yearsof experience in transporting customers.","breadcrumb":{"@id":"https:\/\/www.reissuruoti.fi\/en\/history\/#breadcrumb"},"inLanguage":"en-US","potentialAction":[{"@type":"ReadAction","target":["https:\/\/www.reissuruoti.fi\/en\/history\/"]}]},{"@type":"ImageObject","inLanguage":"en-US","@id":"https:\/\/www.reissuruoti.fi\/en\/history\/#primaryimage","url":"https:\/\/reissuruoti.fi\/wp-content\/uploads\/2018\/04\/2-2-300x203.jpg","contentUrl":"https:\/\/reissuruoti.fi\/wp-content\/uploads\/2018\/04\/2-2-300x203.jpg"},{"@type":"BreadcrumbList","@id":"https:\/\/www.reissuruoti.fi\/en\/history\/#breadcrumb","itemListElement":[{"@type":"ListItem","position":1,"name":"Home","item":"https:\/\/www.reissuruoti.fi\/en\/"},{"@type":"ListItem","position":2,"name":"History"}]},{"@type":"WebSite","@id":"https:\/\/www.reissuruoti.fi\/#website","url":"https:\/\/www.reissuruoti.fi\/","name":"Reissu Ruoti","description":"Tilausajot &amp; Tilausbussi Helsinki, Lahti, Oulu","potentialAction":[{"@type":"SearchAction","target":{"@type":"EntryPoint","urlTemplate":"https:\/\/www.reissuruoti.fi\/?s={search_term_string}"},"query-input":{"@type":"PropertyValueSpecification","valueRequired":true,"valueName":"search_term_string"}}],"inLanguage":"en-US"}]}},"_links":{"self":[{"href":"https:\/\/www.reissuruoti.fi\/en\/wp-json\/wp\/v2\/pages\/896","targetHints":{"allow":["GET"]}}],"collection":[{"href":"https:\/\/www.reissuruoti.fi\/en\/wp-json\/wp\/v2\/pages"}],"about":[{"href":"https:\/\/www.reissuruoti.fi\/en\/wp-json\/wp\/v2\/types\/page"}],"author":[{"embeddable":true,"href":"https:\/\/www.reissuruoti.fi\/en\/wp-json\/wp\/v2\/users\/1"}],"replies":[{"embeddable":true,"href":"https:\/\/www.reissuruoti.fi\/en\/wp-json\/wp\/v2\/comments?post=896"}],"version-history":[{"count":10,"href":"https:\/\/www.reissuruoti.fi\/en\/wp-json\/wp\/v2\/pages\/896\/revisions"}],"predecessor-version":[{"id":5610,"href":"https:\/\/www.reissuruoti.fi\/en\/wp-json\/wp\/v2\/pages\/896\/revisions\/5610"}],"wp:attachment":[{"href":"https:\/\/www.reissuruoti.fi\/en\/wp-json\/wp\/v2\/media?parent=896"}],"curies":[{"name":"wp","href":"https:\/\/api.w.org\/{rel}","templated":true}]}}