{"id":5539,"date":"2026-01-22T09:25:31","date_gmt":"2026-01-22T09:25:31","guid":{"rendered":"https:\/\/www.reissuruoti.fi\/?page_id=5539"},"modified":"2026-01-23T08:25:02","modified_gmt":"2026-01-23T08:25:02","slug":"himos-skibus-en","status":"publish","type":"page","link":"https:\/\/www.reissuruoti.fi\/en\/himos-skibus-en\/","title":{"rendered":"Himos SkiBus"},"content":{"rendered":"<div class=\"wpb-content-wrapper\">[vc_row fullwidth=&#8221;true&#8221;][vc_column][mk_custom_box padding_vertical=&#8221;0&#8243; margin_bottom=&#8221;0&#8243; min_height=&#8221;0&#8243; bg_image=&#8221;https:\/\/www.reissuruoti.fi\/wp-content\/uploads\/2026\/01\/himos-2.jpg&#8221; overlay_color=&#8221;rgba(13,48,80,0.8)&#8221; bg_stretch=&#8221;true&#8221;][mk_padding_divider visibility=&#8221;hidden-sm&#8221;][mk_padding_divider visibility=&#8221;visible-tl&#8221;][mk_padding_divider size=&#8221;180&#8243;][mk_fancy_title strip_tags=&#8221;true&#8221; tag_name=&#8221;h1&#8243; color=&#8221;#ffffff&#8221; size=&#8221;32&#8243; force_font_size=&#8221;true&#8221; size_phone=&#8221;30&#8243; font_weight=&#8221;500&#8243; margin_bottom=&#8221;15&#8243; font_family=&#8221;none&#8221; align=&#8221;center&#8221;]\n<h1><strong data-start=\"448\" data-end=\"474\">HIMOS SKIBUS 2025-2026\u00a0<\/strong><\/h1>\n<h1 data-start=\"377\" data-end=\"453\"><strong data-start=\"406\" data-end=\"453\">THE NEW EASIEST WAY TO THE SLOPES OF HIMOS!<\/strong><\/h1>\n[\/mk_fancy_title][vc_row_inner][vc_column_inner width=&#8221;1\/4&#8243;][\/vc_column_inner][vc_column_inner width=&#8221;1\/2&#8243;][vc_separator color=&#8221;white&#8221; border_width=&#8221;4&#8243; el_width=&#8221;10&#8243; css=&#8221;.vc_custom_1528527298796{margin-top: -10px !important;margin-bottom: 30px !important;}&#8221;][\/vc_column_inner][vc_column_inner width=&#8221;1\/4&#8243;][\/vc_column_inner][\/vc_row_inner][mk_fancy_title strip_tags=&#8221;true&#8221; tag_name=&#8221;span&#8221; color=&#8221;#ffffff&#8221; size=&#8221;20&#8243; font_weight=&#8221;500&#8243; font_family=&#8221;none&#8221; align=&#8221;center&#8221;]<strong>Round-trip transport + day lift pass from \u20ac75<\/strong>[\/mk_fancy_title][mk_padding_divider size=&#8221;100&#8243; visibility=&#8221;hidden-sm&#8221;][mk_padding_divider][\/mk_custom_box][\/vc_column][vc_column][\/vc_column][vc_column][\/vc_column][vc_column][\/vc_column][\/vc_row][vc_row][vc_column][mk_padding_divider][mk_padding_divider size=&#8221;20&#8243; visibility=&#8221;hidden-sm&#8221;][\/vc_column][\/vc_row][vc_row][vc_column][mk_fancy_title strip_tags=&#8221;true&#8221; size=&#8221;24&#8243; force_font_size=&#8221;true&#8221; size_tablet=&#8221;21&#8243; size_phone=&#8221;19&#8243; font_weight=&#8221;600&#8243; margin_bottom=&#8221;0&#8243; font_family=&#8221;none&#8221; responsive_align=&#8221;left&#8221;]<strong>A stress-free winter day. Hop on board &#8211; we\u2019ll take you straight to the slopes.<\/strong>[\/mk_fancy_title][vc_column_text css=&#8221;.vc_custom_1769072625946{margin-bottom: 0px !important;}&#8221;]<strong><span style=\"color: #000000;\">Turn your ski day into an experience &#8211; easy and stress-free<\/span><\/strong><\/p>\n<p><span style=\"color: #000000;\"><span class=\"hover:entity-accent entity-underline inline cursor-pointer align-baseline\"><span class=\"whitespace-normal\">Himos offers skiing on the largest and most versatile slopes in Southern Finland. At its best, the resort features 26 slopes and 17 lifts, including three chairlifts. Wide, well-maintained pistes, a smooth lift network, and the family-friendly Lumila Snow World make Himos a destination enjoyed by both first-time skiers and experienced riders alike.<\/span><\/span><\/span><\/p>\n<p data-start=\"1506\" data-end=\"1565\"><strong><span style=\"color: #000000;\">New season highlight: SkiBus to Himos &#8211; for the first time ever<\/span><\/strong><\/p>\n<p data-start=\"760\" data-end=\"1003\">This season is something special: SkiBus is operating to Himos for the very first time. Our goal is to offer an easy, reliable way for everyone to enjoy the slopes of Himos &#8211; without the need to drive or worry about winter road conditions.<\/p>\n<p data-start=\"1005\" data-end=\"1223\">Professional transport by Reissu Ruoti, combined with Himos\u2019 diverse ski terrain, makes this new SkiBus connection a perfect way to spend a winter day &#8211; whether you\u2019re travelling solo, with friends, or with family.<\/p>\n<p data-start=\"1996\" data-end=\"2052\"><strong>Hop on board and let your winter getaway begin the moment the journey starts.<\/strong><\/p>\n[\/vc_column_text][mk_padding_divider][\/vc_column][vc_column][\/vc_column][\/vc_row][vc_row][vc_column width=&#8221;1\/2&#8243;][mk_fancy_title font_family=&#8221;none&#8221;]<strong>Every Saturday until April 4<\/strong>[\/mk_fancy_title][vc_column_text css=&#8221;.vc_custom_1769073736086{margin-bottom: 0px !important;}&#8221;]\n<p data-start=\"190\" data-end=\"222\">Designed for an easy ski day<\/p>\n<p data-start=\"224\" data-end=\"396\">Himos SkiBus is designed to make your ski day as smooth as possible:<br data-start=\"292\" data-end=\"295\" \/>straight to the slopes in the morning, back home in the afternoon &#8211; just as easy as it should be.<\/p>\n<p data-start=\"485\" data-end=\"497\"><strong>Operating days<\/strong><\/p>\n<p data-start=\"499\" data-end=\"617\">SkiBus operates every Saturday from January 24, 2026 until April 4, provided that the slopes at Himos are open and there are enough passengers.<\/p>\n<p data-start=\"761\" data-end=\"787\"><strong>Possible cancellations<\/strong><\/p>\n<p data-start=\"603\" data-end=\"679\">The service will operate if there are at least 25 registered passengers.<\/p>\n<p data-start=\"681\" data-end=\"735\">If the SkiBus has to be cancelled due to, for example:<\/p>\n<ul>\n<li data-start=\"738\" data-end=\"762\">weather conditions, or<\/li>\n<li data-start=\"765\" data-end=\"803\">an insufficient number of passengers<\/li>\n<\/ul>\n<p data-start=\"805\" data-end=\"884\">we will notify customers <strong data-start=\"830\" data-end=\"883\">by email after 4:00 PM on the day before the trip<\/strong>.<\/p>\n<p data-start=\"1082\" data-end=\"1092\"><strong>Important information<\/strong><\/p>\n<ul>\n<li data-start=\"919\" data-end=\"959\">This is a pre-booked coach service<\/li>\n<li data-start=\"962\" data-end=\"1054\">Please remember to register in advance, so we know to stop at your selected pickup point<\/li>\n<\/ul>\n[\/vc_column_text][vc_btn title=&#8221;Book&#8221; color=&#8221;primary&#8221; size=&#8221;lg&#8221; css=&#8221;&#8221; link=&#8221;url:https%3A%2F%2Ffienta.com%2Fs%2Fhimos-skibus|target:_blank&#8221;][\/vc_column][vc_column width=&#8221;1\/2&#8243;][mk_padding_divider][mk_image src=&#8221;https:\/\/www.reissuruoti.fi\/wp-content\/uploads\/2026\/01\/himos-skibus-timetable.png&#8221; image_size=&#8221;full&#8221;][\/vc_column][\/vc_row][vc_row][vc_column width=&#8221;1\/2&#8243;][mk_padding_divider][mk_padding_divider][mk_image src=&#8221;https:\/\/www.reissuruoti.fi\/wp-content\/uploads\/2026\/01\/himos-skibus-prices.png&#8221; image_size=&#8221;full&#8221;][\/vc_column][vc_column width=&#8221;1\/2&#8243;][mk_padding_divider][mk_padding_divider][vc_column_text css=&#8221;.vc_custom_1769073710603{margin-bottom: 0px !important;}&#8221;]\n<h3><strong>Buy a ready-made package &#8211; everything you need for a ski day at Himos<\/strong><\/h3>\n<p data-start=\"352\" data-end=\"373\"><strong>The package includes:<\/strong><\/p>\n<ul>\n<li data-start=\"320\" data-end=\"415\">Round-trip coach transport from your selected departure point (Helsinki \/ Vantaa \/ Lahti)<\/li>\n<li data-start=\"418\" data-end=\"492\">Day lift pass to the slopes of <span class=\"hover:entity-accent entity-underline inline cursor-pointer align-baseline\"><span class=\"whitespace-normal\">Himos<\/span><\/span><\/li>\n<li data-start=\"495\" data-end=\"565\">No waiting in lift ticket lines &#8211; everything is handled on the bus<\/li>\n<\/ul>\n<p data-start=\"598\" data-end=\"615\"><strong>Package prices:<\/strong><\/p>\n<ul>\n<li data-start=\"594\" data-end=\"673\">Helsinki \/ Vantaa &#8211; Himos (round-trip transport + day lift pass): \u20ac85<\/li>\n<li data-start=\"676\" data-end=\"752\">Lahti &#8211; Himos (round-trip transport + day lift pass): \u20ac75 per person<\/li>\n<\/ul>\n<p data-start=\"739\" data-end=\"814\">If you wish, you can also choose transport only, without a lift pass.<\/p>\n<p data-start=\"785\" data-end=\"936\"><strong data-start=\"842\" data-end=\"856\">Payment methods<\/strong><\/p>\n<ul>\n<li data-start=\"856\" data-end=\"936\">Transport + lift pass are paid by card to the driver when boarding the bus<\/li>\n<li data-start=\"939\" data-end=\"1019\">Lift passes are handed out on the bus upon arrival at Himos, after payment<\/li>\n<li data-start=\"1022\" data-end=\"1051\">Payment method: card only<\/li>\n<\/ul>\n<p>Children under 7 years of age are charged transport only, as children under 7 ski free of charge <em data-start=\"1160\" data-end=\"1200\">(does not apply to Lumila Snow World).<\/em>[\/vc_column_text][\/vc_column][\/vc_row][vc_row][vc_column][mk_padding_divider][mk_padding_divider][vc_column_text css=&#8221;.vc_custom_1764318347266{margin-bottom: 0px !important;}&#8221;][\/vc_column_text][vc_row_inner][vc_column_inner width=&#8221;1\/2&#8243;][\/vc_column_inner][vc_column_inner width=&#8221;1\/2&#8243;][\/vc_column_inner][\/vc_row_inner][vc_row_inner css=&#8221;.vc_custom_1764320823513{background-color: #F5F8FF !important;}&#8221;][vc_column_inner width=&#8221;1\/3&#8243;][vc_column_text margin_bottom=&#8221;0&#8243; css=&#8221;.vc_custom_1769156655684{margin-bottom: 0px !important;}&#8221;]\n<h3 data-start=\"114\" data-end=\"140\"><strong data-start=\"118\" data-end=\"140\">Why choose SkiBus?<\/strong><\/h3>\n<ul>\n<li data-start=\"144\" data-end=\"179\">The fastest way to get to Himos<\/li>\n<li data-start=\"182\" data-end=\"234\">Warm, comfortable coach &#8211; no winter driving stress<\/li>\n<li data-start=\"237\" data-end=\"270\">No queuing at the ticket office<\/li>\n<li data-start=\"273\" data-end=\"322\">Plenty of space for ski and snowboard equipment<\/li>\n<li data-start=\"325\" data-end=\"366\">Affordable and environmentally friendly<\/li>\n<li data-start=\"369\" data-end=\"430\">Perfect for everyone &#8211; solo travellers, friends, and families<\/li>\n<\/ul>\n[\/vc_column_text][\/vc_column_inner][vc_column_inner width=&#8221;1\/3&#8243;][mk_image src=&#8221;https:\/\/www.reissuruoti.fi\/wp-content\/uploads\/2026\/01\/himos-reissu-ruoti-skibus.jpg&#8221; image_size=&#8221;full&#8221;][\/vc_column_inner][vc_column_inner width=&#8221;1\/3&#8243;][vc_column_text margin_bottom=&#8221;0&#8243; css=&#8221;.vc_custom_1769156677752{margin-bottom: 0px !important;}&#8221;]\n<h2 data-start=\"302\" data-end=\"353\">Book your trip<\/h2>\n<p data-start=\"302\" data-end=\"353\">Click the button, select your preferred date, and confirm your booking.<\/p>\n[\/vc_column_text][vc_btn title=&#8221;Book&#8221; color=&#8221;primary&#8221; size=&#8221;lg&#8221; align=&#8221;left&#8221; css=&#8221;&#8221; link=&#8221;url:https%3A%2F%2Ffienta.com%2Fs%2Fhimos-skibus|target:_blank&#8221;][vc_column_text css=&#8221;.vc_custom_1764683495142{margin-bottom: 0px !important;}&#8221;]Lis\u00e4tietoja: <a class=\"decorated-link\" href=\"mailto:asiakaspalvelu@reissuruoti.fi\" rel=\"noopener\" data-start=\"137\" data-end=\"166\">asiakaspalvelu@reissuruoti.fi<\/a>[\/vc_column_text][\/vc_column_inner][\/vc_row_inner][mk_padding_divider][\/vc_column][vc_column][\/vc_column][\/vc_row]\n<\/div>","protected":false},"excerpt":{"rendered":"<p>[vc_row fullwidth=&#8221;true&#8221;][vc_column][mk_custom_box padding_vertical=&#8221;0&#8243; margin_bottom=&#8221;0&#8243; min_height=&#8221;0&#8243; bg_image=&#8221;https:\/\/www.reissuruoti.fi\/wp-content\/uploads\/2026\/01\/himos-2.jpg&#8221; overlay_color=&#8221;rgba(13,48,80,0.8)&#8221; bg_stretch=&#8221;true&#8221;][mk_padding_divider visibility=&#8221;hidden-sm&#8221;][mk_padding_divider visibility=&#8221;visible-tl&#8221;][mk_padding_divider size=&#8221;180&#8243;][mk_fancy_title strip_tags=&#8221;true&#8221; tag_name=&#8221;h1&#8243; color=&#8221;#ffffff&#8221; size=&#8221;32&#8243; force_font_size=&#8221;true&#8221; size_phone=&#8221;30&#8243; font_weight=&#8221;500&#8243; margin_bottom=&#8221;15&#8243; font_family=&#8221;none&#8221; align=&#8221;center&#8221;] HIMOS SKIBUS 2025-2026\u00a0 THE NEW EASIEST WAY TO THE SLOPES OF HIMOS! [\/mk_fancy_title][vc_row_inner][vc_column_inner width=&#8221;1\/4&#8243;][\/vc_column_inner][vc_column_inner width=&#8221;1\/2&#8243;][vc_separator color=&#8221;white&#8221; border_width=&#8221;4&#8243; el_width=&#8221;10&#8243; css=&#8221;.vc_custom_1528527298796{margin-top: -10px !important;margin-bottom: 30px !important;}&#8221;][\/vc_column_inner][vc_column_inner width=&#8221;1\/4&#8243;][\/vc_column_inner][\/vc_row_inner][mk_fancy_title strip_tags=&#8221;true&#8221; tag_name=&#8221;span&#8221; color=&#8221;#ffffff&#8221; size=&#8221;20&#8243; font_weight=&#8221;500&#8243; font_family=&#8221;none&#8221; align=&#8221;center&#8221;]Round-trip transport + day [&hellip;]<\/p>\n","protected":false},"author":2,"featured_media":5278,"parent":0,"menu_order":1,"comment_status":"closed","ping_status":"closed","template":"","meta":{"_improvement_type_select":"improve_an_existing","_thumb_yes_seoaic":false,"_frame_yes_seoaic":false,"seoaic_generate_description":"","seoaic_improve_instructions_prompt":"","seoaic_rollback_content_improvement":"","seoaic_idea_thumbnail_generator":"","thumbnail_generated":false,"thumbnail_generate_prompt":"","seoaic_article_description":"","footnotes":""},"class_list":["post-5539","page","type-page","status-publish","has-post-thumbnail","hentry"],"yoast_head":"<!-- This site is optimized with the Yoast SEO plugin v27.3 - https:\/\/yoast.com\/product\/yoast-seo-wordpress\/ -->\n<title>Tilausajo vaivattomasti |\u00a0Reissu Ruoti<\/title>\n<meta name=\"description\" content=\"Meilt\u00e4 saat enemm\u00e4n kuin bussimatkan. Suunnitellaan yhdess\u00e4 juuri teid\u00e4n tarpeisiin sopiva reissu. Tilausajot turvallisesti ja luotettavasti kotimaassa ja ulkomailla vaivattomasti. Ota yhteytt\u00e4 jo t\u00e4n\u00e4\u00e4n - Reissu Ruoti!\" \/>\n<meta name=\"robots\" content=\"index, follow, max-snippet:-1, max-image-preview:large, max-video-preview:-1\" \/>\n<link rel=\"canonical\" href=\"https:\/\/www.reissuruoti.fi\/en\/himos-skibus-en\/\" \/>\n<meta property=\"og:locale\" content=\"en_US\" \/>\n<meta property=\"og:type\" content=\"article\" \/>\n<meta property=\"og:title\" content=\"Tilausajo vaivattomasti |\u00a0Reissu Ruoti\" \/>\n<meta property=\"og:description\" content=\"Meilt\u00e4 saat enemm\u00e4n kuin bussimatkan. Suunnitellaan yhdess\u00e4 juuri teid\u00e4n tarpeisiin sopiva reissu. Tilausajot turvallisesti ja luotettavasti kotimaassa ja ulkomailla vaivattomasti. Ota yhteytt\u00e4 jo t\u00e4n\u00e4\u00e4n - Reissu Ruoti!\" \/>\n<meta property=\"og:url\" content=\"https:\/\/www.reissuruoti.fi\/en\/himos-skibus-en\/\" \/>\n<meta property=\"og:site_name\" content=\"Reissu Ruoti\" \/>\n<meta property=\"article:modified_time\" content=\"2026-01-23T08:25:02+00:00\" \/>\n<meta property=\"og:image\" content=\"https:\/\/www.reissuruoti.fi\/wp-content\/uploads\/2026\/01\/himos-reissu-ruoti-skibus.jpg\" \/>\n\t<meta property=\"og:image:width\" content=\"1440\" \/>\n\t<meta property=\"og:image:height\" content=\"1648\" \/>\n\t<meta property=\"og:image:type\" content=\"image\/jpeg\" \/>\n<meta name=\"twitter:card\" content=\"summary_large_image\" \/>\n<meta name=\"twitter:label1\" content=\"Est. reading time\" \/>\n\t<meta name=\"twitter:data1\" content=\"5 minutes\" \/>\n<script type=\"application\/ld+json\" class=\"yoast-schema-graph\">{\"@context\":\"https:\\\/\\\/schema.org\",\"@graph\":[{\"@type\":\"WebPage\",\"@id\":\"https:\\\/\\\/www.reissuruoti.fi\\\/en\\\/himos-skibus-en\\\/\",\"url\":\"https:\\\/\\\/www.reissuruoti.fi\\\/en\\\/himos-skibus-en\\\/\",\"name\":\"Tilausajo vaivattomasti |\u00a0Reissu Ruoti\",\"isPartOf\":{\"@id\":\"https:\\\/\\\/www.reissuruoti.fi\\\/#website\"},\"primaryImageOfPage\":{\"@id\":\"https:\\\/\\\/www.reissuruoti.fi\\\/en\\\/himos-skibus-en\\\/#primaryimage\"},\"image\":{\"@id\":\"https:\\\/\\\/www.reissuruoti.fi\\\/en\\\/himos-skibus-en\\\/#primaryimage\"},\"thumbnailUrl\":\"https:\\\/\\\/www.reissuruoti.fi\\\/wp-content\\\/uploads\\\/2026\\\/01\\\/himos-reissu-ruoti-skibus.jpg\",\"datePublished\":\"2026-01-22T09:25:31+00:00\",\"dateModified\":\"2026-01-23T08:25:02+00:00\",\"description\":\"Meilt\u00e4 saat enemm\u00e4n kuin bussimatkan. Suunnitellaan yhdess\u00e4 juuri teid\u00e4n tarpeisiin sopiva reissu. Tilausajot turvallisesti ja luotettavasti kotimaassa ja ulkomailla vaivattomasti. Ota yhteytt\u00e4 jo t\u00e4n\u00e4\u00e4n - Reissu Ruoti!\",\"breadcrumb\":{\"@id\":\"https:\\\/\\\/www.reissuruoti.fi\\\/en\\\/himos-skibus-en\\\/#breadcrumb\"},\"inLanguage\":\"en-US\",\"potentialAction\":[{\"@type\":\"ReadAction\",\"target\":[\"https:\\\/\\\/www.reissuruoti.fi\\\/en\\\/himos-skibus-en\\\/\"]}]},{\"@type\":\"ImageObject\",\"inLanguage\":\"en-US\",\"@id\":\"https:\\\/\\\/www.reissuruoti.fi\\\/en\\\/himos-skibus-en\\\/#primaryimage\",\"url\":\"https:\\\/\\\/www.reissuruoti.fi\\\/wp-content\\\/uploads\\\/2026\\\/01\\\/himos-reissu-ruoti-skibus.jpg\",\"contentUrl\":\"https:\\\/\\\/www.reissuruoti.fi\\\/wp-content\\\/uploads\\\/2026\\\/01\\\/himos-reissu-ruoti-skibus.jpg\",\"width\":1440,\"height\":1648},{\"@type\":\"BreadcrumbList\",\"@id\":\"https:\\\/\\\/www.reissuruoti.fi\\\/en\\\/himos-skibus-en\\\/#breadcrumb\",\"itemListElement\":[{\"@type\":\"ListItem\",\"position\":1,\"name\":\"Home\",\"item\":\"https:\\\/\\\/www.reissuruoti.fi\\\/en\\\/\"},{\"@type\":\"ListItem\",\"position\":2,\"name\":\"Himos SkiBus\"}]},{\"@type\":\"WebSite\",\"@id\":\"https:\\\/\\\/www.reissuruoti.fi\\\/#website\",\"url\":\"https:\\\/\\\/www.reissuruoti.fi\\\/\",\"name\":\"Reissu Ruoti\",\"description\":\"Tilausajot &amp; Tilausbussi Helsinki, Lahti, Oulu\",\"potentialAction\":[{\"@type\":\"SearchAction\",\"target\":{\"@type\":\"EntryPoint\",\"urlTemplate\":\"https:\\\/\\\/www.reissuruoti.fi\\\/?s={search_term_string}\"},\"query-input\":{\"@type\":\"PropertyValueSpecification\",\"valueRequired\":true,\"valueName\":\"search_term_string\"}}],\"inLanguage\":\"en-US\"}]}<\/script>\n<!-- \/ Yoast SEO plugin. -->","yoast_head_json":{"title":"Tilausajo vaivattomasti |\u00a0Reissu Ruoti","description":"Meilt\u00e4 saat enemm\u00e4n kuin bussimatkan. Suunnitellaan yhdess\u00e4 juuri teid\u00e4n tarpeisiin sopiva reissu. Tilausajot turvallisesti ja luotettavasti kotimaassa ja ulkomailla vaivattomasti. Ota yhteytt\u00e4 jo t\u00e4n\u00e4\u00e4n - Reissu Ruoti!","robots":{"index":"index","follow":"follow","max-snippet":"max-snippet:-1","max-image-preview":"max-image-preview:large","max-video-preview":"max-video-preview:-1"},"canonical":"https:\/\/www.reissuruoti.fi\/en\/himos-skibus-en\/","og_locale":"en_US","og_type":"article","og_title":"Tilausajo vaivattomasti |\u00a0Reissu Ruoti","og_description":"Meilt\u00e4 saat enemm\u00e4n kuin bussimatkan. Suunnitellaan yhdess\u00e4 juuri teid\u00e4n tarpeisiin sopiva reissu. Tilausajot turvallisesti ja luotettavasti kotimaassa ja ulkomailla vaivattomasti. Ota yhteytt\u00e4 jo t\u00e4n\u00e4\u00e4n - Reissu Ruoti!","og_url":"https:\/\/www.reissuruoti.fi\/en\/himos-skibus-en\/","og_site_name":"Reissu Ruoti","article_modified_time":"2026-01-23T08:25:02+00:00","og_image":[{"width":1440,"height":1648,"url":"https:\/\/www.reissuruoti.fi\/wp-content\/uploads\/2026\/01\/himos-reissu-ruoti-skibus.jpg","type":"image\/jpeg"}],"twitter_card":"summary_large_image","twitter_misc":{"Est. reading time":"5 minutes"},"schema":{"@context":"https:\/\/schema.org","@graph":[{"@type":"WebPage","@id":"https:\/\/www.reissuruoti.fi\/en\/himos-skibus-en\/","url":"https:\/\/www.reissuruoti.fi\/en\/himos-skibus-en\/","name":"Tilausajo vaivattomasti |\u00a0Reissu Ruoti","isPartOf":{"@id":"https:\/\/www.reissuruoti.fi\/#website"},"primaryImageOfPage":{"@id":"https:\/\/www.reissuruoti.fi\/en\/himos-skibus-en\/#primaryimage"},"image":{"@id":"https:\/\/www.reissuruoti.fi\/en\/himos-skibus-en\/#primaryimage"},"thumbnailUrl":"https:\/\/www.reissuruoti.fi\/wp-content\/uploads\/2026\/01\/himos-reissu-ruoti-skibus.jpg","datePublished":"2026-01-22T09:25:31+00:00","dateModified":"2026-01-23T08:25:02+00:00","description":"Meilt\u00e4 saat enemm\u00e4n kuin bussimatkan. Suunnitellaan yhdess\u00e4 juuri teid\u00e4n tarpeisiin sopiva reissu. Tilausajot turvallisesti ja luotettavasti kotimaassa ja ulkomailla vaivattomasti. Ota yhteytt\u00e4 jo t\u00e4n\u00e4\u00e4n - Reissu Ruoti!","breadcrumb":{"@id":"https:\/\/www.reissuruoti.fi\/en\/himos-skibus-en\/#breadcrumb"},"inLanguage":"en-US","potentialAction":[{"@type":"ReadAction","target":["https:\/\/www.reissuruoti.fi\/en\/himos-skibus-en\/"]}]},{"@type":"ImageObject","inLanguage":"en-US","@id":"https:\/\/www.reissuruoti.fi\/en\/himos-skibus-en\/#primaryimage","url":"https:\/\/www.reissuruoti.fi\/wp-content\/uploads\/2026\/01\/himos-reissu-ruoti-skibus.jpg","contentUrl":"https:\/\/www.reissuruoti.fi\/wp-content\/uploads\/2026\/01\/himos-reissu-ruoti-skibus.jpg","width":1440,"height":1648},{"@type":"BreadcrumbList","@id":"https:\/\/www.reissuruoti.fi\/en\/himos-skibus-en\/#breadcrumb","itemListElement":[{"@type":"ListItem","position":1,"name":"Home","item":"https:\/\/www.reissuruoti.fi\/en\/"},{"@type":"ListItem","position":2,"name":"Himos SkiBus"}]},{"@type":"WebSite","@id":"https:\/\/www.reissuruoti.fi\/#website","url":"https:\/\/www.reissuruoti.fi\/","name":"Reissu Ruoti","description":"Tilausajot &amp; Tilausbussi Helsinki, Lahti, Oulu","potentialAction":[{"@type":"SearchAction","target":{"@type":"EntryPoint","urlTemplate":"https:\/\/www.reissuruoti.fi\/?s={search_term_string}"},"query-input":{"@type":"PropertyValueSpecification","valueRequired":true,"valueName":"search_term_string"}}],"inLanguage":"en-US"}]}},"_links":{"self":[{"href":"https:\/\/www.reissuruoti.fi\/en\/wp-json\/wp\/v2\/pages\/5539","targetHints":{"allow":["GET"]}}],"collection":[{"href":"https:\/\/www.reissuruoti.fi\/en\/wp-json\/wp\/v2\/pages"}],"about":[{"href":"https:\/\/www.reissuruoti.fi\/en\/wp-json\/wp\/v2\/types\/page"}],"author":[{"embeddable":true,"href":"https:\/\/www.reissuruoti.fi\/en\/wp-json\/wp\/v2\/users\/2"}],"replies":[{"embeddable":true,"href":"https:\/\/www.reissuruoti.fi\/en\/wp-json\/wp\/v2\/comments?post=5539"}],"version-history":[{"count":6,"href":"https:\/\/www.reissuruoti.fi\/en\/wp-json\/wp\/v2\/pages\/5539\/revisions"}],"predecessor-version":[{"id":5556,"href":"https:\/\/www.reissuruoti.fi\/en\/wp-json\/wp\/v2\/pages\/5539\/revisions\/5556"}],"wp:featuredmedia":[{"embeddable":true,"href":"https:\/\/www.reissuruoti.fi\/en\/wp-json\/wp\/v2\/media\/5278"}],"wp:attachment":[{"href":"https:\/\/www.reissuruoti.fi\/en\/wp-json\/wp\/v2\/media?parent=5539"}],"curies":[{"name":"wp","href":"https:\/\/api.w.org\/{rel}","templated":true}]}}